{"id":14,"date":"2024-02-12T22:26:38","date_gmt":"2024-02-12T21:26:38","guid":{"rendered":"https:\/\/blog.realitrans.org\/?page_id=14"},"modified":"2025-02-05T19:35:37","modified_gmt":"2025-02-05T18:35:37","slug":"pruebas-de-rapidas-vih-sifilis-y-hepatitis-c","status":"publish","type":"page","link":"https:\/\/blog.realitrans.org\/index.php\/pruebas-de-rapidas-vih-sifilis-y-hepatitis-c\/","title":{"rendered":"Pruebas de r\u00e1pidas VIH, s\u00edfilis y hepatitis C"},"content":{"rendered":"\n<p>En cada taller, aunque est\u00e9 relacionados con diferentes temas y actividades, realizamos pruebas r\u00e1pidas de VIH, s\u00edfilis y hepatitis C y al finalizar les entregamos condones masculinos y femeninos marca SICO del seguro y lubricantes.<\/p>\n\n\n\n<p>Ocasionalmente otorgamos una despensa y\/o les servimos alimentos a los presentes al final de cada taller, asimismo entregamos tr\u00edpticos y d\u00edpticos con informaci\u00f3n sobre los derechos humanos.<\/p>\n\n\n\n<p>Si nos solicitan perfiles hormonales las canalizamos al centro de salud que nos apoya con estudios, hormonas femeninas, apoyo psicol\u00f3gico y asesor\u00eda nutricional.<\/p>\n\n\n\n<p>En caso de que alguna persona resulta reactiva sobre alguna ETS brindamos  acompa\u00f1amiento hasta recibir tratamiento indicado, eventualmente les donamos medicamentos para s\u00edfilis el cual puede cubrir la asociaci\u00f3n.<\/p>\n\n\n\n<p>Organizamos jornadas de salud bucal y de mastograf\u00edas, brindando de igual modo los insumos o servicios necesarios para su ejecuci\u00f3n.<\/p>\n\n\n\n<figure class=\"wp-block-image size-large\"><img decoding=\"async\" src=\"https:\/\/blog.realitrans.org\/wp-content\/uploads\/2024\/12\/trans-1-1024x718.jpg\" alt=\"\" class=\"wp-image-62\"\/><\/figure>\n","protected":false},"excerpt":{"rendered":"<p>En cada taller, aunque est\u00e9 relacionados con diferentes temas y actividades, realizamos pruebas r\u00e1pidas de VIH, s\u00edfilis y hepatitis C.<\/p>\n","protected":false},"author":1,"featured_media":62,"parent":0,"menu_order":0,"comment_status":"closed","ping_status":"closed","template":"","meta":{"footnotes":""},"class_list":["post-14","page","type-page","status-publish","has-post-thumbnail","hentry"],"aioseo_notices":[],"_links":{"self":[{"href":"https:\/\/blog.realitrans.org\/index.php\/wp-json\/wp\/v2\/pages\/14","targetHints":{"allow":["GET"]}}],"collection":[{"href":"https:\/\/blog.realitrans.org\/index.php\/wp-json\/wp\/v2\/pages"}],"about":[{"href":"https:\/\/blog.realitrans.org\/index.php\/wp-json\/wp\/v2\/types\/page"}],"author":[{"embeddable":true,"href":"https:\/\/blog.realitrans.org\/index.php\/wp-json\/wp\/v2\/users\/1"}],"replies":[{"embeddable":true,"href":"https:\/\/blog.realitrans.org\/index.php\/wp-json\/wp\/v2\/comments?post=14"}],"version-history":[{"count":3,"href":"https:\/\/blog.realitrans.org\/index.php\/wp-json\/wp\/v2\/pages\/14\/revisions"}],"predecessor-version":[{"id":141,"href":"https:\/\/blog.realitrans.org\/index.php\/wp-json\/wp\/v2\/pages\/14\/revisions\/141"}],"wp:featuredmedia":[{"embeddable":true,"href":"https:\/\/blog.realitrans.org\/index.php\/wp-json\/wp\/v2\/media\/62"}],"wp:attachment":[{"href":"https:\/\/blog.realitrans.org\/index.php\/wp-json\/wp\/v2\/media?parent=14"}],"curies":[{"name":"wp","href":"https:\/\/api.w.org\/{rel}","templated":true}]}}